{"id":8686,"date":"2024-11-14T02:05:08","date_gmt":"2024-11-14T02:05:08","guid":{"rendered":"https:\/\/kavooapparel.com\/?post_type=product&#038;p=8686"},"modified":"2025-08-08T06:28:43","modified_gmt":"2025-08-08T06:28:43","slug":"refined-fabrics-for-warm-weather-plh-2109","status":"publish","type":"product","link":"https:\/\/kavooapparel.com\/fr\/product\/refined-fabrics-for-warm-weather-plh-2109\/","title":{"rendered":"Des tissus raffin\u00e9s pour les temps chauds-PLH-2109"},"content":{"rendered":"<p data-pm-slice=\"1 1 []\"><strong>Refined Fabrics for Warm Weather<\/strong><\/p>\n<p>Ce tissu super fin et l\u00e9ger a \u00e9t\u00e9 con\u00e7u pour l'\u00e9t\u00e9, avec un m\u00e9lange de coton de premi\u00e8re qualit\u00e9 qui offre \u00e0 la fois respirabilit\u00e9 et douceur. Parfait pour les costumes par temps chaud, il conf\u00e8re un aspect raffin\u00e9 et poli tout en \u00e9tant confortable, vous permettant de rester au frais et d'avoir un style sans effort tout au long de la saison.<\/p>\n<h3>Why Choose Refined Fabrics for Warm Weather?<\/h3>\n<ol start=\"1\" data-spread=\"true\">\n<li><strong>Superior Breathability<\/strong>\n<p>Designed for optimal airflow, this premium cotton blend ensures you stay fresh and comfortable, even on the hottest days.<\/li>\n<li><strong>Unmatched Softness<\/strong>\n<p>The premium cotton blend offers a smooth, luxurious feel that elevates your summer wardrobe with comfort and style.<\/li>\n<li><strong>Perfectly Polished Look<\/strong>\n<p>Ideal for warm-weather suits and formal occasions, this fabric\u2019s refined finish ensures you always look your best.<\/li>\n<li><strong>Durability Meets Lightweight Design<\/strong>\n<p>Combining strength with elegance, this fabric stands the test of time while remaining light and breathable.<\/li>\n<\/ol>\n<h3>Key Features<\/h3>\n<ul data-spread=\"false\">\n<li><strong>Lightweight and Soft:<\/strong> Crafted for summer wear, providing exceptional comfort and ease.<\/li>\n<li><strong>Premium Cotton Blend:<\/strong> A combination of natural and synthetic fibers for enhanced durability and breathability.<\/li>\n<li><strong>Refined Finish:<\/strong> Creates a polished look that\u2019s versatile for both formal and casual settings.<\/li>\n<li><strong>Effortless Style:<\/strong> Perfectly tailored for modern, warm-weather fashion.<\/li>\n<\/ul>\n<h3>How to Style<\/h3>\n<ul data-spread=\"false\">\n<li>Pair with linen trousers for a laid-back yet sophisticated summer ensemble.<\/li>\n<li>Layer with a lightweight blazer for a refined evening look.<\/li>\n<li>Match with loafers or sandals to complement the summer vibe.<\/li>\n<\/ul>\n<h3><a href=\"https:\/\/kavooapparel.com\/fr\/product\/refined-cotton-blend-for-summer-plh-2103\/\">Sustainability and Care<\/a><\/h3>\n<p>Our fabrics are crafted with eco-conscious methods to ensure minimal environmental impact. Easy to maintain, this material resists wrinkles and requires minimal ironing, making it both sustainable and practical.<\/p>\n<h3>Conclusion<\/h3>\n<p>For a fabric that embodies the essence of summer with its breathable, soft, and stylish qualities, choose our <strong><a href=\"https:\/\/www.joelandsonfabrics.com\/\" rel=\"nofollow noopener\" target=\"_blank\">Refined Fabrics<\/a> for Warm Weather<\/strong>. Elevate your summer wardrobe with this perfect blend of comfort and sophistication. Order now to experience the ultimate in summer style!<\/p>\n<p>&nbsp;<\/p>","protected":false},"excerpt":{"rendered":"<p>Collection PLH 2100<\/p>\n<p>Ce tissu super fin et l\u00e9ger a \u00e9t\u00e9 con\u00e7u pour l'\u00e9t\u00e9, avec un m\u00e9lange de coton de premi\u00e8re qualit\u00e9 qui offre \u00e0 la fois respirabilit\u00e9 et douceur. Parfait pour les costumes par temps chaud, il conf\u00e8re un aspect raffin\u00e9 et poli tout en \u00e9tant confortable, vous permettant de rester au frais et d'avoir un style sans effort tout au long de la saison.<\/p>","protected":false},"featured_media":8687,"comment_status":"open","ping_status":"closed","template":"","meta":[],"product_brand":[],"product_cat":[15,270,100],"product_tag":[121,215,220,219,111,216,222,217,214,218,113,209,211,213,123,223,127,221,210,212],"class_list":{"0":"post-8686","1":"product","2":"type-product","3":"status-publish","4":"has-post-thumbnail","6":"product_cat-fabric","7":"product_cat-collection-plh-2100","8":"product_cat-shirt-builder","9":"product_tag-bespoke-dress-shirts","10":"product_tag-business-dress-shirts","11":"product_tag-casual-dress-shirts-for-men","12":"product_tag-classic-white-dress-shirts","13":"product_tag-custom-dress-shirts","14":"product_tag-custom-fit-dress-shirts","15":"product_tag-designer-dress-shirts-for-men","16":"product_tag-dress-shirts-with-monogram","17":"product_tag-formal-dress-shirts","18":"product_tag-high-quality-cotton-dress-shirts","19":"product_tag-luxury-dress-shirts","20":"product_tag-made-to-measure-dress-shirts","21":"product_tag-mens-dress-shirts","22":"product_tag-non-iron-dress-shirts","23":"product_tag-personalized-dress-shirts","24":"product_tag-premium-mens-dress-shirts","25":"product_tag-slim-fit-dress-shirts","26":"product_tag-stretch-fabric-dress-shirts","27":"product_tag-tailor-made-dress-shirts","28":"product_tag-wrinkle-free-dress-shirts","30":"first","31":"instock","32":"taxable","33":"shipping-taxable","34":"purchasable","35":"product-type-simple"},"acf":[],"_links":{"self":[{"href":"https:\/\/kavooapparel.com\/fr\/wp-json\/wp\/v2\/product\/8686","targetHints":{"allow":["GET"]}}],"collection":[{"href":"https:\/\/kavooapparel.com\/fr\/wp-json\/wp\/v2\/product"}],"about":[{"href":"https:\/\/kavooapparel.com\/fr\/wp-json\/wp\/v2\/types\/product"}],"replies":[{"embeddable":true,"href":"https:\/\/kavooapparel.com\/fr\/wp-json\/wp\/v2\/comments?post=8686"}],"version-history":[{"count":3,"href":"https:\/\/kavooapparel.com\/fr\/wp-json\/wp\/v2\/product\/8686\/revisions"}],"predecessor-version":[{"id":14630,"href":"https:\/\/kavooapparel.com\/fr\/wp-json\/wp\/v2\/product\/8686\/revisions\/14630"}],"wp:featuredmedia":[{"embeddable":true,"href":"https:\/\/kavooapparel.com\/fr\/wp-json\/wp\/v2\/media\/8687"}],"wp:attachment":[{"href":"https:\/\/kavooapparel.com\/fr\/wp-json\/wp\/v2\/media?parent=8686"}],"wp:term":[{"taxonomy":"product_brand","embeddable":true,"href":"https:\/\/kavooapparel.com\/fr\/wp-json\/wp\/v2\/product_brand?post=8686"},{"taxonomy":"product_cat","embeddable":true,"href":"https:\/\/kavooapparel.com\/fr\/wp-json\/wp\/v2\/product_cat?post=8686"},{"taxonomy":"product_tag","embeddable":true,"href":"https:\/\/kavooapparel.com\/fr\/wp-json\/wp\/v2\/product_tag?post=8686"}],"curies":[{"name":"wp","href":"https:\/\/api.w.org\/{rel}","templated":true}]}}