{"id":7222,"date":"2024-11-08T18:52:02","date_gmt":"2024-11-08T18:52:02","guid":{"rendered":"https:\/\/kavooapparel.com\/?post_type=product&#038;p=7222"},"modified":"2025-08-08T06:27:09","modified_gmt":"2025-08-08T06:27:09","slug":"lh3101-57","status":"publish","type":"product","link":"https:\/\/kavooapparel.com\/fr\/product\/lh3101-57\/","title":{"rendered":"LH3101-57"},"content":{"rendered":"<p>Collection Irish Linen (LH 3101)<\/p>\n<p>Ce tissu, fabriqu\u00e9 \u00e0 partir de pur lin irlandais, offre une sensation de l\u00e9g\u00e8ret\u00e9 et d'a\u00e9ration exceptionnelle, ce qui le rend id\u00e9al pour les climats chauds. Gr\u00e2ce \u00e0 sa texture tr\u00e8s fine et \u00e0 sa respirabilit\u00e9 naturelle, ce lin offre un confort in\u00e9gal\u00e9 tout en pr\u00e9sentant un aspect net et sophistiqu\u00e9, id\u00e9al pour les v\u00eatements port\u00e9s par temps chaud.<\/p>","protected":false},"excerpt":{"rendered":"<p>Collection Irish Linen (LH 3101)<\/p>\n<p>Ce tissu, fabriqu\u00e9 \u00e0 partir de pur lin irlandais, offre une sensation de l\u00e9g\u00e8ret\u00e9 et d'a\u00e9ration exceptionnelle, ce qui le rend id\u00e9al pour les climats chauds. Gr\u00e2ce \u00e0 sa texture tr\u00e8s fine et \u00e0 sa respirabilit\u00e9 naturelle, ce lin offre un confort in\u00e9gal\u00e9 tout en pr\u00e9sentant un aspect net et sophistiqu\u00e9, id\u00e9al pour les v\u00eatements port\u00e9s par temps chaud.<\/p>","protected":false},"featured_media":7223,"comment_status":"open","ping_status":"closed","template":"","meta":[],"product_brand":[],"product_cat":[15,272,100],"product_tag":[121,215,220,219,111,216,222,217,214,218,113,209,211,213,123,223,127,221,210,212],"class_list":{"0":"post-7222","1":"product","2":"type-product","3":"status-publish","4":"has-post-thumbnail","6":"product_cat-fabric","7":"product_cat-collection-lh-3101","8":"product_cat-shirt-builder","9":"product_tag-bespoke-dress-shirts","10":"product_tag-business-dress-shirts","11":"product_tag-casual-dress-shirts-for-men","12":"product_tag-classic-white-dress-shirts","13":"product_tag-custom-dress-shirts","14":"product_tag-custom-fit-dress-shirts","15":"product_tag-designer-dress-shirts-for-men","16":"product_tag-dress-shirts-with-monogram","17":"product_tag-formal-dress-shirts","18":"product_tag-high-quality-cotton-dress-shirts","19":"product_tag-luxury-dress-shirts","20":"product_tag-made-to-measure-dress-shirts","21":"product_tag-mens-dress-shirts","22":"product_tag-non-iron-dress-shirts","23":"product_tag-personalized-dress-shirts","24":"product_tag-premium-mens-dress-shirts","25":"product_tag-slim-fit-dress-shirts","26":"product_tag-stretch-fabric-dress-shirts","27":"product_tag-tailor-made-dress-shirts","28":"product_tag-wrinkle-free-dress-shirts","30":"first","31":"instock","32":"taxable","33":"shipping-taxable","34":"purchasable","35":"product-type-simple"},"acf":[],"_links":{"self":[{"href":"https:\/\/kavooapparel.com\/fr\/wp-json\/wp\/v2\/product\/7222","targetHints":{"allow":["GET"]}}],"collection":[{"href":"https:\/\/kavooapparel.com\/fr\/wp-json\/wp\/v2\/product"}],"about":[{"href":"https:\/\/kavooapparel.com\/fr\/wp-json\/wp\/v2\/types\/product"}],"replies":[{"embeddable":true,"href":"https:\/\/kavooapparel.com\/fr\/wp-json\/wp\/v2\/comments?post=7222"}],"version-history":[{"count":1,"href":"https:\/\/kavooapparel.com\/fr\/wp-json\/wp\/v2\/product\/7222\/revisions"}],"predecessor-version":[{"id":7226,"href":"https:\/\/kavooapparel.com\/fr\/wp-json\/wp\/v2\/product\/7222\/revisions\/7226"}],"wp:featuredmedia":[{"embeddable":true,"href":"https:\/\/kavooapparel.com\/fr\/wp-json\/wp\/v2\/media\/7223"}],"wp:attachment":[{"href":"https:\/\/kavooapparel.com\/fr\/wp-json\/wp\/v2\/media?parent=7222"}],"wp:term":[{"taxonomy":"product_brand","embeddable":true,"href":"https:\/\/kavooapparel.com\/fr\/wp-json\/wp\/v2\/product_brand?post=7222"},{"taxonomy":"product_cat","embeddable":true,"href":"https:\/\/kavooapparel.com\/fr\/wp-json\/wp\/v2\/product_cat?post=7222"},{"taxonomy":"product_tag","embeddable":true,"href":"https:\/\/kavooapparel.com\/fr\/wp-json\/wp\/v2\/product_tag?post=7222"}],"curies":[{"name":"wp","href":"https:\/\/api.w.org\/{rel}","templated":true}]}}