{"id":5881,"date":"2024-11-06T04:15:50","date_gmt":"2024-11-06T04:15:50","guid":{"rendered":"https:\/\/kavooapparel.com\/?post_type=product&#038;p=5881"},"modified":"2026-01-03T12:07:34","modified_gmt":"2026-01-03T12:07:34","slug":"255117","status":"publish","type":"product","link":"https:\/\/kavooapparel.com\/fr\/product\/255117\/","title":{"rendered":"255117"},"content":{"rendered":"<p>Voici notre m\u00e9lange de laine Super 140\u2019s avec coton et bambou, un tissu con\u00e7u pour ceux qui recherchent la durabilit\u00e9 sans compromettre le luxe. Ce m\u00e9lange haut de gamme associe la douceur et la texture raffin\u00e9e de la laine Super 140\u2019s \u00e0 la r\u00e9sistance et \u00e0 la respirabilit\u00e9 du coton et du bambou, ce qui en fait le v\u00eatement de travail id\u00e9al pour une longue dur\u00e9e de vie. La laine conf\u00e8re un aspect poli et professionnel, tandis que le coton am\u00e9liore le confort et la durabilit\u00e9, ce qui est parfait pour les environnements tr\u00e8s performants ou les v\u00eatements quotidiens qui exigent \u00e0 la fois \u00e9l\u00e9gance et r\u00e9sistance.<\/p>","protected":false},"excerpt":{"rendered":"<p>Collection 2551 - Bambou<\/p>\n<p>Voici notre m\u00e9lange de laine Super 140\u2019s avec coton et bambou, un tissu con\u00e7u pour ceux qui recherchent la durabilit\u00e9 sans compromettre le luxe. Ce m\u00e9lange haut de gamme associe la douceur et la texture raffin\u00e9e de la laine Super 140\u2019s \u00e0 la r\u00e9sistance et \u00e0 la respirabilit\u00e9 du coton et du bambou, ce qui en fait le v\u00eatement de travail id\u00e9al pour une longue dur\u00e9e de vie. La laine conf\u00e8re un aspect poli et professionnel, tandis que le coton am\u00e9liore le confort et la durabilit\u00e9, ce qui est parfait pour les environnements tr\u00e8s performants ou les v\u00eatements quotidiens qui exigent \u00e0 la fois \u00e9l\u00e9gance et r\u00e9sistance.<\/p>","protected":false},"featured_media":5882,"comment_status":"open","ping_status":"closed","template":"","meta":[],"product_brand":[],"product_cat":[15,265,101],"product_tag":[134,142,143,144,131,135,146,140,133,147,148,137,136,138,139,149,132,150,145,141],"class_list":{"0":"post-5881","1":"product","2":"type-product","3":"status-publish","4":"has-post-thumbnail","6":"product_cat-fabric","7":"product_cat-collection-2551-bamboo","8":"product_cat-suit-builder","9":"product_tag-bespoke-suits","10":"product_tag-business-suits","11":"product_tag-casual-blazers","12":"product_tag-custom-fit-jackets","13":"product_tag-custom-suit","14":"product_tag-custom-tailored-jackets","15":"product_tag-custom-tuxedos","16":"product_tag-custom-vests","17":"product_tag-handmade-suits","18":"product_tag-high-quality-fabrics","19":"product_tag-italian-suits","20":"product_tag-luxury-suits","21":"product_tag-made-to-measure-suits","22":"product_tag-mens-formal-wear","23":"product_tag-personalized-suits","24":"product_tag-slim-fit-suits","25":"product_tag-tailor-made-suits","26":"product_tag-tailored-overcoats","27":"product_tag-three-piece-suits","28":"product_tag-wedding-suits","30":"first","31":"instock","32":"taxable","33":"shipping-taxable","34":"purchasable","35":"product-type-simple"},"acf":[],"_links":{"self":[{"href":"https:\/\/kavooapparel.com\/fr\/wp-json\/wp\/v2\/product\/5881","targetHints":{"allow":["GET"]}}],"collection":[{"href":"https:\/\/kavooapparel.com\/fr\/wp-json\/wp\/v2\/product"}],"about":[{"href":"https:\/\/kavooapparel.com\/fr\/wp-json\/wp\/v2\/types\/product"}],"replies":[{"embeddable":true,"href":"https:\/\/kavooapparel.com\/fr\/wp-json\/wp\/v2\/comments?post=5881"}],"version-history":[{"count":1,"href":"https:\/\/kavooapparel.com\/fr\/wp-json\/wp\/v2\/product\/5881\/revisions"}],"predecessor-version":[{"id":5886,"href":"https:\/\/kavooapparel.com\/fr\/wp-json\/wp\/v2\/product\/5881\/revisions\/5886"}],"wp:featuredmedia":[{"embeddable":true,"href":"https:\/\/kavooapparel.com\/fr\/wp-json\/wp\/v2\/media\/5882"}],"wp:attachment":[{"href":"https:\/\/kavooapparel.com\/fr\/wp-json\/wp\/v2\/media?parent=5881"}],"wp:term":[{"taxonomy":"product_brand","embeddable":true,"href":"https:\/\/kavooapparel.com\/fr\/wp-json\/wp\/v2\/product_brand?post=5881"},{"taxonomy":"product_cat","embeddable":true,"href":"https:\/\/kavooapparel.com\/fr\/wp-json\/wp\/v2\/product_cat?post=5881"},{"taxonomy":"product_tag","embeddable":true,"href":"https:\/\/kavooapparel.com\/fr\/wp-json\/wp\/v2\/product_tag?post=5881"}],"curies":[{"name":"wp","href":"https:\/\/api.w.org\/{rel}","templated":true}]}}