{"id":4204,"date":"2024-10-22T11:02:36","date_gmt":"2024-10-22T11:02:36","guid":{"rendered":"https:\/\/kavooapparel.com\/?post_type=product&#038;p=4204"},"modified":"2025-08-08T06:23:58","modified_gmt":"2025-08-08T06:23:58","slug":"men-leather-jacket-model-copy","status":"publish","type":"product","link":"https:\/\/kavooapparel.com\/fr\/product\/men-leather-jacket-model-copy\/","title":{"rendered":"Veste en cuir sport pour hommes"},"content":{"rendered":"<p><strong><em>Cette pr\u00e9commande sera exp\u00e9di\u00e9e dans les trois (3) prochaines semaines. Vous recevrez des informations de suivi lorsque votre commande sera exp\u00e9di\u00e9e !<\/em><\/strong><\/p>\n<section id=\"shopify-section-template--16084543144109__main\" class=\"shopify-section section\">\n<section id=\"MainProduct-template--16084543144109__main\" class=\"page-width section-template--16084543144109__main-padding\" data-section=\"template--16084543144109__main\">\n<div class=\"product product--small product--left product--thumbnail_slider product--mobile-hide grid grid--1-col grid--2-col-tablet\">\n<div class=\"product__info-wrapper grid__item product__info-wrapper--extra-padding\">\n<div id=\"ProductInfo-template--16084543144109__main\" class=\"product__info-container product__info-container--sticky\">\n<div class=\"product__description rte quick-add-hidden\">\n<p>\u00c9levez votre garde-robe avec cette veste de costume en cuir noir, \u00e9l\u00e9gante et sportive, taill\u00e9e \u00e0 la perfection. Fabriqu\u00e9e en cuir de premi\u00e8re qualit\u00e9, elle offre une coupe moderne, un look classique et une fermeture \u00e0 glissi\u00e8re. La finition lisse et mate de la veste lui conf\u00e8re une touche audacieuse et raffin\u00e9e, ce qui la rend id\u00e9ale pour une tenue d\u00e9contract\u00e9e. Cette pi\u00e8ce incontournable vous permettra d'am\u00e9liorer votre style.<\/p>\n<\/div>\n<\/div>\n<\/div>\n<\/div>\n<\/section>\n<\/section>","protected":false},"excerpt":{"rendered":"<section id=\"shopify-section-template--16084543144109__main\" class=\"shopify-section section\">\n<section id=\"MainProduct-template--16084543144109__main\" class=\"page-width section-template--16084543144109__main-padding\" data-section=\"template--16084543144109__main\">\n<div class=\"product product--small product--left product--thumbnail_slider product--mobile-hide grid grid--1-col grid--2-col-tablet\">\n<div class=\"product__info-wrapper grid__item product__info-wrapper--extra-padding\">\n<div id=\"ProductInfo-template--16084543144109__main\" class=\"product__info-container product__info-container--sticky\">\n<div class=\"product__description rte quick-add-hidden\">\n<p><strong><em>Cette pr\u00e9commande sera exp\u00e9di\u00e9e dans les trois (3) prochaines semaines. Vous recevrez des informations de suivi lorsque votre commande sera exp\u00e9di\u00e9e !<\/em><\/strong><\/p>\n<section id=\"shopify-section-template--16084543144109__main\" class=\"shopify-section section\">\n<section id=\"MainProduct-template--16084543144109__main\" class=\"page-width section-template--16084543144109__main-padding\" data-section=\"template--16084543144109__main\">\n<div class=\"product product--small product--left product--thumbnail_slider product--mobile-hide grid grid--1-col grid--2-col-tablet\">\n<div class=\"product__info-wrapper grid__item product__info-wrapper--extra-padding\">\n<div id=\"ProductInfo-template--16084543144109__main\" class=\"product__info-container product__info-container--sticky\">\n<div class=\"product__description rte quick-add-hidden\">\n<p>\u00c9levez votre garde-robe avec cette veste de costume en cuir noir, \u00e9l\u00e9gante et sportive, taill\u00e9e \u00e0 la perfection. Fabriqu\u00e9e en cuir de premi\u00e8re qualit\u00e9, elle offre une coupe moderne, un look classique et une fermeture \u00e0 glissi\u00e8re. La finition lisse et mate de la veste lui conf\u00e8re une touche audacieuse et raffin\u00e9e, ce qui la rend id\u00e9ale pour une tenue d\u00e9contract\u00e9e. Cette pi\u00e8ce incontournable vous permettra d'am\u00e9liorer votre style.<\/p>\n<\/div>\n<\/div>\n<\/div>\n<\/div>\n<\/section>\n<\/section>\n<\/div>\n<\/div>\n<\/div>\n<\/div>\n<\/section>\n<\/section>\n<p>&nbsp;<\/p>","protected":false},"featured_media":4205,"comment_status":"open","ping_status":"closed","template":"","meta":[],"product_brand":[],"product_cat":[104],"product_tag":[110,108,107,106,109],"class_list":{"0":"post-4204","1":"product","2":"type-product","3":"status-publish","4":"has-post-thumbnail","6":"product_cat-leather-collection","7":"product_tag-black-leather-jacket","8":"product_tag-custom-leather-jacket","9":"product_tag-genuine-leather-jacket","10":"product_tag-handmade-leather-jacket","11":"product_tag-luxury-leather-jacket","13":"first","14":"instock","15":"taxable","16":"shipping-taxable","17":"purchasable","18":"product-type-simple"},"acf":[],"_links":{"self":[{"href":"https:\/\/kavooapparel.com\/fr\/wp-json\/wp\/v2\/product\/4204","targetHints":{"allow":["GET"]}}],"collection":[{"href":"https:\/\/kavooapparel.com\/fr\/wp-json\/wp\/v2\/product"}],"about":[{"href":"https:\/\/kavooapparel.com\/fr\/wp-json\/wp\/v2\/types\/product"}],"replies":[{"embeddable":true,"href":"https:\/\/kavooapparel.com\/fr\/wp-json\/wp\/v2\/comments?post=4204"}],"version-history":[{"count":2,"href":"https:\/\/kavooapparel.com\/fr\/wp-json\/wp\/v2\/product\/4204\/revisions"}],"predecessor-version":[{"id":4221,"href":"https:\/\/kavooapparel.com\/fr\/wp-json\/wp\/v2\/product\/4204\/revisions\/4221"}],"wp:featuredmedia":[{"embeddable":true,"href":"https:\/\/kavooapparel.com\/fr\/wp-json\/wp\/v2\/media\/4205"}],"wp:attachment":[{"href":"https:\/\/kavooapparel.com\/fr\/wp-json\/wp\/v2\/media?parent=4204"}],"wp:term":[{"taxonomy":"product_brand","embeddable":true,"href":"https:\/\/kavooapparel.com\/fr\/wp-json\/wp\/v2\/product_brand?post=4204"},{"taxonomy":"product_cat","embeddable":true,"href":"https:\/\/kavooapparel.com\/fr\/wp-json\/wp\/v2\/product_cat?post=4204"},{"taxonomy":"product_tag","embeddable":true,"href":"https:\/\/kavooapparel.com\/fr\/wp-json\/wp\/v2\/product_tag?post=4204"}],"curies":[{"name":"wp","href":"https:\/\/api.w.org\/{rel}","templated":true}]}}