{"id":4018,"date":"2024-09-28T07:42:50","date_gmt":"2024-09-28T07:42:50","guid":{"rendered":"https:\/\/kavooapparel.com\/?post_type=product&#038;p=4018"},"modified":"2025-08-08T06:23:51","modified_gmt":"2025-08-08T06:23:51","slug":"women-leather-jacket-model","status":"publish","type":"product","link":"https:\/\/kavooapparel.com\/fr\/product\/women-leather-jacket-model\/","title":{"rendered":"Veste en cuir noir exquise pour la femme moderne"},"content":{"rendered":"<p>Cette veste en cuir noir, \u00e9l\u00e9gante et magnifiquement taill\u00e9e, est l'incarnation m\u00eame du luxe et de l'artisanat. Fabriqu\u00e9e en cuir de premi\u00e8re qualit\u00e9, cette veste pr\u00e9sente une finition lisse et polie, aussi agr\u00e9able au toucher qu'\u00e0 l'\u0153il. Sa coupe experte souligne votre silhouette avec pr\u00e9cision, offrant une coupe \u00e0 la fois flatteuse et sophistiqu\u00e9e. Les revers structur\u00e9s et les coutures \u00e9l\u00e9gantes t\u00e9moignent de l'attention port\u00e9e \u00e0 chaque d\u00e9tail.<\/p>\n<p>Qu'il s'agisse de s'habiller pour un \u00e9v\u00e9nement formel ou d'ajouter une touche d'audace \u00e0 une tenue d\u00e9contract\u00e9e, cette veste vous permet d'\u00eatre \u00e9l\u00e9gante sans effort et de respirer l'assurance.<\/p>","protected":false},"excerpt":{"rendered":"<p><strong><em>Cette pr\u00e9commande sera exp\u00e9di\u00e9e dans les trois (3) prochaines semaines. Vous recevrez des informations de suivi lorsque votre commande sera exp\u00e9di\u00e9e !<\/em><\/strong><\/p>\n<section id=\"shopify-section-template--16084543144109__main\" class=\"shopify-section section\">\n<section id=\"MainProduct-template--16084543144109__main\" class=\"page-width section-template--16084543144109__main-padding\" data-section=\"template--16084543144109__main\">\n<div class=\"product product--small product--left product--thumbnail_slider product--mobile-hide grid grid--1-col grid--2-col-tablet\">\n<div class=\"product__info-wrapper grid__item product__info-wrapper--extra-padding\">\n<div id=\"ProductInfo-template--16084543144109__main\" class=\"product__info-container product__info-container--sticky\">\n<div class=\"product__description rte quick-add-hidden\">\n<p>Cette veste en cuir noir, \u00e9l\u00e9gante et magnifiquement taill\u00e9e, est l'incarnation m\u00eame du luxe et de l'artisanat. Fabriqu\u00e9e en cuir de premi\u00e8re qualit\u00e9, cette veste pr\u00e9sente une finition lisse et polie, aussi agr\u00e9able au toucher qu'\u00e0 l'\u0153il. Sa coupe experte souligne votre silhouette avec pr\u00e9cision, offrant une coupe \u00e0 la fois flatteuse et sophistiqu\u00e9e. Les revers structur\u00e9s et les coutures \u00e9l\u00e9gantes t\u00e9moignent de l'attention port\u00e9e \u00e0 chaque d\u00e9tail.<\/p>\n<p>Qu'il s'agisse de s'habiller pour un \u00e9v\u00e9nement formel ou d'ajouter une touche d'audace \u00e0 une tenue d\u00e9contract\u00e9e, cette veste vous permet d'\u00eatre \u00e9l\u00e9gante sans effort et de respirer l'assurance.<\/p>\n<p>Cette veste est disponible en peau de vache ou de ch\u00e8vre. Veuillez nous contacter pour discuter des options de mat\u00e9riaux.<\/p>\n<p>*<em>Les vestes en cuir de vache offrent durabilit\u00e9 et robustesse, tandis que les vestes en peau de ch\u00e8vre offrent une sensation plus douce et plus l\u00e9g\u00e8re, ainsi qu'une flexibilit\u00e9 et un confort accrus.<\/em>t.<\/p>\n<\/div>\n<\/div>\n<\/div>\n<\/div>\n<\/section>\n<\/section>\n<p>&nbsp;<\/p>","protected":false},"featured_media":5070,"comment_status":"open","ping_status":"closed","template":"","meta":[],"product_brand":[],"product_cat":[104],"product_tag":[158,151,165,164,157,163,152,161,160,166,155,154,156,153,162,159],"class_list":{"0":"post-4018","1":"product","2":"type-product","3":"status-publish","4":"has-post-thumbnail","6":"product_cat-leather-collection","7":"product_tag-bespoke-leather-jacket","8":"product_tag-custom-womens-leather-jacket","9":"product_tag-customizable-womens-leather-jacket","10":"product_tag-exclusive-womens-leather-jacket","11":"product_tag-goatskin-leather-jacket","12":"product_tag-hadncrafted-leater-jacket-for-women","13":"product_tag-handmade-leather-jacket-for-women","14":"product_tag-high-end-leather-jackets-for-women","15":"product_tag-leather-jacket-with-perfect-fit","16":"product_tag-luxury-cowhide-leather-for-jackets","17":"product_tag-luxury-leather-jacket-for-women","18":"product_tag-made-to-measure-womens-leather-jacket","19":"product_tag-premium-cowhide-leather-jacket","20":"product_tag-tailor-made-leather-jacket","21":"product_tag-womens-custom-fit-leather-jacket","22":"product_tag-womens-designer-leather-jacket","24":"first","25":"instock","26":"taxable","27":"shipping-taxable","28":"purchasable","29":"product-type-simple"},"acf":[],"_links":{"self":[{"href":"https:\/\/kavooapparel.com\/fr\/wp-json\/wp\/v2\/product\/4018","targetHints":{"allow":["GET"]}}],"collection":[{"href":"https:\/\/kavooapparel.com\/fr\/wp-json\/wp\/v2\/product"}],"about":[{"href":"https:\/\/kavooapparel.com\/fr\/wp-json\/wp\/v2\/types\/product"}],"replies":[{"embeddable":true,"href":"https:\/\/kavooapparel.com\/fr\/wp-json\/wp\/v2\/comments?post=4018"}],"version-history":[{"count":3,"href":"https:\/\/kavooapparel.com\/fr\/wp-json\/wp\/v2\/product\/4018\/revisions"}],"predecessor-version":[{"id":5071,"href":"https:\/\/kavooapparel.com\/fr\/wp-json\/wp\/v2\/product\/4018\/revisions\/5071"}],"wp:featuredmedia":[{"embeddable":true,"href":"https:\/\/kavooapparel.com\/fr\/wp-json\/wp\/v2\/media\/5070"}],"wp:attachment":[{"href":"https:\/\/kavooapparel.com\/fr\/wp-json\/wp\/v2\/media?parent=4018"}],"wp:term":[{"taxonomy":"product_brand","embeddable":true,"href":"https:\/\/kavooapparel.com\/fr\/wp-json\/wp\/v2\/product_brand?post=4018"},{"taxonomy":"product_cat","embeddable":true,"href":"https:\/\/kavooapparel.com\/fr\/wp-json\/wp\/v2\/product_cat?post=4018"},{"taxonomy":"product_tag","embeddable":true,"href":"https:\/\/kavooapparel.com\/fr\/wp-json\/wp\/v2\/product_tag?post=4018"}],"curies":[{"name":"wp","href":"https:\/\/api.w.org\/{rel}","templated":true}]}}