{"id":13168,"date":"2024-11-23T05:58:14","date_gmt":"2024-11-23T05:58:14","guid":{"rendered":"https:\/\/kavooapparel.com\/?post_type=product&#038;p=13168"},"modified":"2026-01-03T12:09:29","modified_gmt":"2026-01-03T12:09:29","slug":"wool-cotton-bamboo-blend-fabric-71125-4-v","status":"publish","type":"product","link":"https:\/\/kavooapparel.com\/fr\/product\/wool-cotton-bamboo-blend-fabric-71125-4-v\/","title":{"rendered":"Wool Cotton Bamboo Blend Fabric &#8211; 71125-4-V"},"content":{"rendered":"<p>Collection 711-Nouveau (2023) - Bambou<\/p>\n<p>Introducing our Super 140\u2019s Wool Blend with Cotton and bamboo, a fabric designed for those who need durability without compromising on luxury. This premium blend combines the softness and refined texture of <a href=\"https:\/\/kavooapparel.com\/fr\/product\/super-wool-blend-fabric\/\">Laine Super 140\u2019s<\/a> with the strength and breathability of cotton and bamboo, making it ideal for long-lasting workwear. The wool adds a polished, professional appearance, while the cotton enhances comfort and durability, perfect for high-performance environments or daily wear that requires both elegance and resilience.<\/p>","protected":false},"excerpt":{"rendered":"<p>Collection 711-Nouveau (2023) - Bambou<\/p>\n<p><strong>Voici notre m\u00e9lange de laine Super 140\u2019s avec du coton et du bambou<\/strong><\/p>\n<p>Lorsqu'il s'agit de trouver le tissu parfait qui allie luxe, durabilit\u00e9 et praticit\u00e9, notre m\u00e9lange de laine Super 140\u2019s avec du coton et du bambou \u00e9tablit une nouvelle norme. Ce tissu soigneusement \u00e9labor\u00e9 est con\u00e7u pour r\u00e9pondre aux besoins des professionnels et des particuliers qui exigent des performances \u00e9lev\u00e9es, un style sophistiqu\u00e9 et un confort exceptionnel dans leur garde-robe.<\/p>\n<h3><strong>Le luxe rencontre la fonctionnalit\u00e9<\/strong><\/h3>\n<p>Au c\u0153ur de ce m\u00e9lange exquis se trouvent <strong>Laine Super 140\u2019s<\/strong>, La laine de qualit\u00e9 sup\u00e9rieure est r\u00e9put\u00e9e pour sa douceur, sa texture fine et sa capacit\u00e9 \u00e0 conf\u00e9rer une apparence soign\u00e9e et professionnelle. Cette laine de qualit\u00e9 sup\u00e9rieure est appr\u00e9ci\u00e9e dans le monde des textiles de luxe pour sa l\u00e9g\u00e8ret\u00e9 et son aspect raffin\u00e9, qui lui conf\u00e8rent une \u00e9l\u00e9gance in\u00e9gal\u00e9e. Une laine de ce calibre permet au tissu de se draper magnifiquement, cr\u00e9ant des v\u00eatements qui exsudent la sophistication dans tous les contextes.<\/p>\n<p>Cependant, le luxe ne suffit pas lorsqu'il s'agit de tissus con\u00e7us pour r\u00e9pondre aux exigences de la vie moderne. C'est l\u00e0 que l'ajout de <strong>coton et bambou<\/strong> entre en jeu. Le coton, un produit de base fiable dans les textiles, est incorpor\u00e9 pour am\u00e9liorer la durabilit\u00e9 et la praticit\u00e9 du tissu. Connu pour sa respirabilit\u00e9 et sa r\u00e9sistance, le coton garantit que les v\u00eatements fabriqu\u00e9s \u00e0 partir de ce m\u00e9lange sont non seulement durables, mais aussi confortables pour une utilisation prolong\u00e9e.<\/p>\n<p>Le bambou, une fibre naturelle et durable, ajoute une touche de modernit\u00e9 au m\u00e9lange. Les fibres de bambou sont appr\u00e9ci\u00e9es pour leur texture soyeuse et leurs propri\u00e9t\u00e9s inh\u00e9rentes d'\u00e9vacuation de l'humidit\u00e9, qui vous permettent de rester au frais et au sec m\u00eame pendant les journ\u00e9es les plus exigeantes. En outre, le bambou am\u00e9liore la respirabilit\u00e9 du tissu tout en lui conf\u00e9rant un \u00e9clat subtil qui compl\u00e8te le lustre naturel de la laine.<\/p>\n<hr \/>\n<h3><strong>Le tissu parfait pour les v\u00eatements de travail haute performance<\/strong><\/h3>\n<p>Notre m\u00e9lange de laine Super 140\u2019s avec du coton et du bambou n'est pas seulement une question de style ; il s'agit d'offrir des performances dans tous les domaines. La combinaison de ces fibres donne un tissu capable de r\u00e9sister aux rigueurs de la vie quotidienne tout en conservant son attrait luxueux. Que vous passiez une journ\u00e9e de travail bien remplie, que vous assistiez \u00e0 une r\u00e9union importante ou que vous voyagiez pour affaires, ce tissu vous permet de vous sentir au mieux de votre forme et de votre beaut\u00e9.<\/p>\n<p><strong>Durabilit\u00e9<\/strong> est l'une des caract\u00e9ristiques principales de ce m\u00e9lange. Le coton renforce la solidit\u00e9 du tissu et le rend r\u00e9sistant \u00e0 l'usure. Il est donc id\u00e9al pour les personnes qui exigent davantage de leurs v\u00eatements, que ce soit dans la salle de conf\u00e9rence ou en d\u00e9placement. Contrairement aux tissus qui sacrifient la long\u00e9vit\u00e9 \u00e0 la douceur, ce m\u00e9lange garantit que vos v\u00eatements conservent leur qualit\u00e9 et leur apparence au fil du temps.<\/p>\n<p><strong>Respirabilit\u00e9<\/strong> et <strong>le confort<\/strong> sont tout aussi importantes. La capacit\u00e9 naturelle de la laine \u00e0 r\u00e9guler la temp\u00e9rature, associ\u00e9e \u00e0 la l\u00e9g\u00e8ret\u00e9 et \u00e0 la respirabilit\u00e9 du coton et aux propri\u00e9t\u00e9s d'\u00e9vacuation de l'humidit\u00e9 du bambou, cr\u00e9e un tissu polyvalent pour diff\u00e9rents climats. Il vous garde au frais dans des conditions plus chaudes et vous procure de la chaleur lorsque les temp\u00e9ratures chutent, ce qui permet de le porter tout au long de l'ann\u00e9e.<\/p>\n<hr \/>\n<h3><strong>Une \u00e9l\u00e9gance qui dure<\/strong><\/h3>\n<p>En plus de ses qualit\u00e9s fonctionnelles, le tissu offre une grande souplesse d'utilisation. <strong>esth\u00e9tique intemporelle<\/strong> qui rehausse n'importe quelle garde-robe. La laine du Super 140 contribue \u00e0 la texture lisse et \u00e0 la finition raffin\u00e9e du tissu, donnant aux v\u00eatements un aspect professionnel et soign\u00e9. L'ajout de bambou am\u00e9liore le drap\u00e9 du tissu et lui conf\u00e8re une brillance subtile, cr\u00e9ant un look \u00e9l\u00e9gant sans effort.<\/p>\n<p>Ce m\u00e9lange est particuli\u00e8rement adapt\u00e9 pour <strong>v\u00eatements sur mesure<\/strong>, Le tissu bouge avec vous, offrant un confort sans compromettre le style. Le tissu bouge avec vous, vous offrant un confort sans compromis sur le style. Que vous soyez dans un bureau o\u00f9 le rythme est soutenu ou que vous assistiez \u00e0 un \u00e9v\u00e9nement formel, vous appr\u00e9cierez l'\u00e9quilibre parfait entre sophistication et praticit\u00e9 que procure ce tissu.<\/p>\n<hr \/>\n<h3><strong>Durabilit\u00e9 et innovation moderne<\/strong><\/h3>\n<p>Avec l'inclusion du bambou, ce tissu r\u00e9pond \u00e9galement \u00e0 la demande croissante d'options durables et respectueuses de l'environnement. Le bambou est une ressource rapidement renouvelable, dont la culture n\u00e9cessite peu d'eau et de pesticides. En incorporant des fibres de bambou dans ce m\u00e9lange, nous am\u00e9liorons non seulement les performances et le toucher du tissu, mais nous contribuons \u00e9galement \u00e0 un avenir plus durable pour la mode.<\/p>\n<hr \/>\n<h3><strong>Le choix ultime pour les professionnels modernes<\/strong><\/h3>\n<p>Notre m\u00e9lange de laine Super 140\u2019s avec du coton et du bambou est plus qu'un simple tissu ; c'est un engagement envers l'excellence. Il offre le meilleur de tous les mondes : luxe, durabilit\u00e9, confort et d\u00e9veloppement durable. Que vous le choisissiez pour des v\u00eatements de travail performants ou pour cr\u00e9er une garde-robe qui allie harmonieusement \u00e9l\u00e9gance et praticit\u00e9, ce m\u00e9lange vous assure que vous n'aurez jamais \u00e0 faire de compromis.<\/p>\n<p>D\u00e9couvrez la polyvalence et la sophistication in\u00e9gal\u00e9es de notre m\u00e9lange de laine Super 140\u2019s avec coton et bambou, un tissu con\u00e7u pour ceux qui exigent ce qu'il y a de mieux dans tous les aspects de leur habillement.<\/p>","protected":false},"featured_media":5626,"comment_status":"open","ping_status":"closed","template":"","meta":[],"product_brand":[],"product_cat":[15,251,103],"product_tag":[193,198,202,206,208,189,200,197,190,205,194,191,204,201,195,196,192,207,203,199],"class_list":{"0":"post-13168","1":"product","2":"type-product","3":"status-publish","4":"has-post-thumbnail","6":"product_cat-fabric","7":"product_cat-711-new-2023","8":"product_cat-vest-builder","9":"product_tag-bespoke-mens-vest","10":"product_tag-business-mens-waistcoat","11":"product_tag-casual-mens-vest","12":"product_tag-classic-mens-waistcoat","13":"product_tag-custom-fit-mens-waistcoat","14":"product_tag-custom-mens-vest","15":"product_tag-custom-tailored-waistcoat","16":"product_tag-formal-mens-vest","17":"product_tag-handmade-mens-waistcoat","18":"product_tag-high-end-mens-vest","19":"product_tag-luxury-mens-waistcoat","20":"product_tag-made-to-measure-mens-vest","21":"product_tag-mens-tweed-waistcoat","22":"product_tag-mens-wool-waistcoat","23":"product_tag-personalized-mens-vest","24":"product_tag-slim-fit-mens-waistcoat","25":"product_tag-tailor-made-mens-waistcoat","26":"product_tag-three-piece-suit-vest","27":"product_tag-vintage-mens-waistcoat","28":"product_tag-wedding-mens-vest","30":"first","31":"instock","32":"taxable","33":"shipping-taxable","34":"purchasable","35":"product-type-simple"},"acf":[],"_links":{"self":[{"href":"https:\/\/kavooapparel.com\/fr\/wp-json\/wp\/v2\/product\/13168","targetHints":{"allow":["GET"]}}],"collection":[{"href":"https:\/\/kavooapparel.com\/fr\/wp-json\/wp\/v2\/product"}],"about":[{"href":"https:\/\/kavooapparel.com\/fr\/wp-json\/wp\/v2\/types\/product"}],"replies":[{"embeddable":true,"href":"https:\/\/kavooapparel.com\/fr\/wp-json\/wp\/v2\/comments?post=13168"}],"version-history":[{"count":6,"href":"https:\/\/kavooapparel.com\/fr\/wp-json\/wp\/v2\/product\/13168\/revisions"}],"predecessor-version":[{"id":13369,"href":"https:\/\/kavooapparel.com\/fr\/wp-json\/wp\/v2\/product\/13168\/revisions\/13369"}],"wp:featuredmedia":[{"embeddable":true,"href":"https:\/\/kavooapparel.com\/fr\/wp-json\/wp\/v2\/media\/5626"}],"wp:attachment":[{"href":"https:\/\/kavooapparel.com\/fr\/wp-json\/wp\/v2\/media?parent=13168"}],"wp:term":[{"taxonomy":"product_brand","embeddable":true,"href":"https:\/\/kavooapparel.com\/fr\/wp-json\/wp\/v2\/product_brand?post=13168"},{"taxonomy":"product_cat","embeddable":true,"href":"https:\/\/kavooapparel.com\/fr\/wp-json\/wp\/v2\/product_cat?post=13168"},{"taxonomy":"product_tag","embeddable":true,"href":"https:\/\/kavooapparel.com\/fr\/wp-json\/wp\/v2\/product_tag?post=13168"}],"curies":[{"name":"wp","href":"https:\/\/api.w.org\/{rel}","templated":true}]}}