{"id":17597,"date":"2025-07-08T12:17:12","date_gmt":"2025-07-08T12:17:12","guid":{"rendered":"https:\/\/kavooapparel.com\/?page_id=17597"},"modified":"2025-09-23T05:09:31","modified_gmt":"2025-09-23T05:09:31","slug":"shipping-policy","status":"publish","type":"page","link":"https:\/\/kavooapparel.com\/fr\/shipping-policy\/","title":{"rendered":"Politique d'exp\u00e9dition"},"content":{"rendered":"<style>.elementor-17597 .elementor-element.elementor-element-89e8b24{--display:flex;--flex-direction:column;--container-widget-width:100%;--container-widget-height:initial;--container-widget-flex-grow:0;--container-widget-align-self:initial;--flex-wrap-mobile:wrap;border-style:none;--border-style:none;--padding-top:20vw;--padding-bottom:20vw;--padding-left:0vw;--padding-right:0vw;}.elementor-17597 .elementor-element.elementor-element-89e8b24:not(.elementor-motion-effects-element-type-background), .elementor-17597 .elementor-element.elementor-element-89e8b24 > .elementor-motion-effects-container > .elementor-motion-effects-layer{background-image:url(\"https:\/\/kavooapparel.com\/wp-content\/uploads\/2024\/07\/Klarmann-Reich-Tailors-background.webp\");background-position:center center;background-repeat:no-repeat;background-size:cover;}.elementor-17597 .elementor-element.elementor-element-0d6d767 > .elementor-widget-container{margin:0px 0px 5px 0px;}.elementor-17597 .elementor-element.elementor-element-0d6d767 .elementor-icon-list-icon i{color:#B2C7D5;transition:color 0.3s;}.elementor-17597 .elementor-element.elementor-element-0d6d767 .elementor-icon-list-icon svg{fill:#B2C7D5;transition:fill 0.3s;}.elementor-17597 .elementor-element.elementor-element-0d6d767{--e-icon-list-icon-size:7px;--icon-vertical-offset:0px;}.elementor-17597 .elementor-element.elementor-element-0d6d767 .elementor-icon-list-icon{padding-inline-end:2px;}.elementor-17597 .elementor-element.elementor-element-0d6d767 .elementor-icon-list-item > .elementor-icon-list-text, .elementor-17597 .elementor-element.elementor-element-0d6d767 .elementor-icon-list-item > a{font-family:\"Inknut Antiqua\", Sans-serif;font-size:18px;font-weight:600;text-transform:uppercase;}.elementor-17597 .elementor-element.elementor-element-0d6d767 .elementor-icon-list-text{color:#B2C7D5;transition:color 0.3s;}.elementor-17597 .elementor-element.elementor-element-0534090 > .elementor-widget-container{margin:-20px 0px 0px 0px;padding:0px 0px 0px 0px;}.elementor-17597 .elementor-element.elementor-element-0534090{text-align:center;}.elementor-17597 .elementor-element.elementor-element-0534090 .elementor-heading-title{font-family:\"Montserrat\", Sans-serif;font-size:66px;font-weight:600;text-transform:uppercase;line-height:72px;color:#FFFFFF;}.elementor-17597 .elementor-element.elementor-element-f426ce8{--display:flex;--gap:25px 0px;--row-gap:25px;--column-gap:0px;--padding-top:60px;--padding-bottom:60px;--padding-left:15px;--padding-right:15px;}.elementor-17597 .elementor-element.elementor-element-01b1849{text-align:left;}.elementor-17597 .elementor-element.elementor-element-01b1849 .elementor-heading-title{font-family:\"Luxurious Roman\", Sans-serif;font-size:30px;font-weight:400;line-height:40px;}.elementor-17597 .elementor-element.elementor-element-927479a{text-align:left;}.elementor-17597 .elementor-element.elementor-element-927479a .elementor-heading-title{font-family:\"Luxurious Roman\", Sans-serif;font-size:30px;font-weight:400;line-height:40px;}.elementor-17597 .elementor-element.elementor-element-05b09ba{column-gap:0px;}.elementor-17597 .elementor-element.elementor-element-05b09ba p{margin-block-end:0px;}.elementor-17597 .elementor-element.elementor-element-c959d6b{text-align:left;}.elementor-17597 .elementor-element.elementor-element-c959d6b .elementor-heading-title{font-family:\"Luxurious Roman\", Sans-serif;font-size:30px;font-weight:400;line-height:40px;}.elementor-17597 .elementor-element.elementor-element-16d84bb{column-gap:0px;}.elementor-17597 .elementor-element.elementor-element-16d84bb p{margin-block-end:0px;}.elementor-17597 .elementor-element.elementor-element-5e1b170{text-align:left;}.elementor-17597 .elementor-element.elementor-element-5e1b170 .elementor-heading-title{font-family:\"Luxurious Roman\", Sans-serif;font-size:30px;font-weight:400;line-height:40px;}.elementor-17597 .elementor-element.elementor-element-cafae2e{text-align:left;}.elementor-17597 .elementor-element.elementor-element-cafae2e .elementor-heading-title{font-family:\"Luxurious Roman\", Sans-serif;font-size:30px;font-weight:400;line-height:40px;}.elementor-17597 .elementor-element.elementor-element-c2d183f{text-align:left;}.elementor-17597 .elementor-element.elementor-element-c2d183f .elementor-heading-title{font-family:\"Luxurious Roman\", Sans-serif;font-size:30px;font-weight:400;line-height:40px;}.elementor-17597 .elementor-element.elementor-element-db5c529{text-align:left;}.elementor-17597 .elementor-element.elementor-element-db5c529 .elementor-heading-title{font-family:\"Luxurious Roman\", Sans-serif;font-size:30px;font-weight:400;line-height:40px;}@media(max-width:1024px){.elementor-17597 .elementor-element.elementor-element-89e8b24{--padding-top:30vw;--padding-bottom:30vw;--padding-left:3vw;--padding-right:3vw;}.elementor-17597 .elementor-element.elementor-element-0d6d767 .elementor-icon-list-item > .elementor-icon-list-text, .elementor-17597 .elementor-element.elementor-element-0d6d767 .elementor-icon-list-item > a{font-size:14px;}.elementor-17597 .elementor-element.elementor-element-0534090 .elementor-heading-title{font-size:45px;line-height:1.2em;}.elementor-17597 .elementor-element.elementor-element-01b1849 .elementor-heading-title{font-size:30px;line-height:40px;}.elementor-17597 .elementor-element.elementor-element-927479a .elementor-heading-title{font-size:30px;line-height:40px;}.elementor-17597 .elementor-element.elementor-element-c959d6b .elementor-heading-title{font-size:30px;line-height:40px;}.elementor-17597 .elementor-element.elementor-element-5e1b170 .elementor-heading-title{font-size:30px;line-height:40px;}.elementor-17597 .elementor-element.elementor-element-cafae2e .elementor-heading-title{font-size:30px;line-height:40px;}.elementor-17597 .elementor-element.elementor-element-c2d183f .elementor-heading-title{font-size:30px;line-height:40px;}.elementor-17597 .elementor-element.elementor-element-db5c529 .elementor-heading-title{font-size:30px;line-height:40px;}}@media(max-width:767px){.elementor-17597 .elementor-element.elementor-element-89e8b24{--padding-top:40vw;--padding-bottom:40vw;--padding-left:3vw;--padding-right:3vw;}.elementor-17597 .elementor-element.elementor-element-0d6d767 .elementor-icon-list-item > .elementor-icon-list-text, .elementor-17597 .elementor-element.elementor-element-0d6d767 .elementor-icon-list-item > a{font-size:12px;}.elementor-17597 .elementor-element.elementor-element-0534090 .elementor-heading-title{font-size:30px;}.elementor-17597 .elementor-element.elementor-element-f426ce8{--padding-top:30px;--padding-bottom:40px;--padding-left:15px;--padding-right:15px;}}<\/style>\t\t<div data-elementor-type=\"wp-page\" data-elementor-id=\"17597\" class=\"elementor elementor-17597\" data-elementor-post-type=\"page\">\n\t\t\t\t<div class=\"elementor-element elementor-element-89e8b24 e-flex e-con-boxed e-con e-parent\" data-id=\"89e8b24\" data-element_type=\"container\" data-settings=\"{&quot;background_background&quot;:&quot;classic&quot;}\">\n\t\t\t\t\t<div class=\"e-con-inner\">\n\t\t\t\t<div class=\"elementor-element elementor-element-0d6d767 elementor-icon-list--layout-inline elementor-align-center elementor-list-item-link-full_width elementor-widget elementor-widget-icon-list\" data-id=\"0d6d767\" data-element_type=\"widget\" data-widget_type=\"icon-list.default\">\n\t\t\t\t<div class=\"elementor-widget-container\">\n\t\t\t\t\t\t\t<ul class=\"elementor-icon-list-items elementor-inline-items\">\n\t\t\t\t\t\t\t<li class=\"elementor-icon-list-item elementor-inline-item\">\n\t\t\t\t\t\t\t\t\t\t<span class=\"elementor-icon-list-text\">Conception<\/span>\n\t\t\t\t\t\t\t\t\t<\/li>\n\t\t\t\t\t\t\t\t<li class=\"elementor-icon-list-item elementor-inline-item\">\n\t\t\t\t\t\t\t\t\t\t\t<span class=\"elementor-icon-list-icon\">\n\t\t\t\t\t\t\t<svg aria-hidden=\"true\" class=\"e-font-icon-svg e-fas-circle\" viewbox=\"0 0 512 512\" xmlns=\"http:\/\/www.w3.org\/2000\/svg\"><path d=\"M256 8C119 8 8 119 8 256s111 248 248 248 248-111 248-248S393 8 256 8z\"><\/path><\/svg>\t\t\t\t\t\t<\/span>\n\t\t\t\t\t\t\t\t\t\t<span class=\"elementor-icon-list-text\">Tailleur<\/span>\n\t\t\t\t\t\t\t\t\t<\/li>\n\t\t\t\t\t\t\t\t<li class=\"elementor-icon-list-item elementor-inline-item\">\n\t\t\t\t\t\t\t\t\t\t\t<span class=\"elementor-icon-list-icon\">\n\t\t\t\t\t\t\t<svg aria-hidden=\"true\" class=\"e-font-icon-svg e-fas-circle\" viewbox=\"0 0 512 512\" xmlns=\"http:\/\/www.w3.org\/2000\/svg\"><path d=\"M256 8C119 8 8 119 8 256s111 248 248 248 248-111 248-248S393 8 256 8z\"><\/path><\/svg>\t\t\t\t\t\t<\/span>\n\t\t\t\t\t\t\t\t\t\t<span class=\"elementor-icon-list-text\">Porter<\/span>\n\t\t\t\t\t\t\t\t\t<\/li>\n\t\t\t\t\t\t<\/ul>\n\t\t\t\t\t\t<\/div>\n\t\t\t\t<\/div>\n\t\t\t\t<div class=\"elementor-element elementor-element-0534090 banner-head elementor-widget elementor-widget-heading\" data-id=\"0534090\" data-element_type=\"widget\" data-widget_type=\"heading.default\">\n\t\t\t\t<div class=\"elementor-widget-container\">\n\t\t\t\t\t<h1 class=\"elementor-heading-title elementor-size-default\">POLITIQUE D'EXP\u00c9DITION<\/h1>\t\t\t\t<\/div>\n\t\t\t\t<\/div>\n\t\t\t\t\t<\/div>\n\t\t\t\t<\/div>\n\t\t<div class=\"elementor-element elementor-element-f426ce8 e-flex e-con-boxed e-con e-parent\" data-id=\"f426ce8\" data-element_type=\"container\">\n\t\t\t\t\t<div class=\"e-con-inner\">\n\t\t\t\t<div class=\"elementor-element elementor-element-01b1849 elementor-invisible elementor-widget elementor-widget-heading\" data-id=\"01b1849\" data-element_type=\"widget\" data-settings=\"{&quot;_animation&quot;:&quot;fadeInUp&quot;}\" data-widget_type=\"heading.default\">\n\t\t\t\t<div class=\"elementor-widget-container\">\n\t\t\t\t\t<h3 class=\"elementor-heading-title elementor-size-default\">EXP\u00c9DITION<\/h3>\t\t\t\t<\/div>\n\t\t\t\t<\/div>\n\t\t\t\t<div class=\"elementor-element elementor-element-45373b6 elementor-widget elementor-widget-text-editor\" data-id=\"45373b6\" data-element_type=\"widget\" data-widget_type=\"text-editor.default\">\n\t\t\t\t<div class=\"elementor-widget-container\">\n\t\t\t\t\t\t\t\t\t<p>Au\u00a0<strong>Kavoo Apparel<\/strong>, Chaque v\u00eatement est fabriqu\u00e9 sur mesure, selon vos sp\u00e9cifications exactes. Cela signifie que nous n'exp\u00e9dions pas imm\u00e9diatement, mais que nous le faisons avec soin et pr\u00e9cision.<\/p>\t\t\t\t\t\t\t\t<\/div>\n\t\t\t\t<\/div>\n\t\t\t\t<div class=\"elementor-element elementor-element-927479a elementor-invisible elementor-widget elementor-widget-heading\" data-id=\"927479a\" data-element_type=\"widget\" data-settings=\"{&quot;_animation&quot;:&quot;fadeInUp&quot;}\" data-widget_type=\"heading.default\">\n\t\t\t\t<div class=\"elementor-widget-container\">\n\t\t\t\t\t<h3 class=\"elementor-heading-title elementor-size-default\">Production et transformation<\/h3>\t\t\t\t<\/div>\n\t\t\t\t<\/div>\n\t\t\t\t<div class=\"elementor-element elementor-element-05b09ba elementor-widget elementor-widget-text-editor\" data-id=\"05b09ba\" data-element_type=\"widget\" data-widget_type=\"text-editor.default\">\n\t\t\t\t<div class=\"elementor-widget-container\">\n\t\t\t\t\t\t\t\t\t<ul><li style=\"margin-bottom: 6px;\">Toutes les commandes personnalis\u00e9es sont faites sur mesure et\u00a0<strong>n\u00e9cessite 1 \u00e0 2 semaines<\/strong>\u00a0de la confirmation de la commande \u00e0 l'exp\u00e9dition.<\/li><li style=\"margin-bottom: 6px;\">Vous recevrez un courriel de confirmation une fois votre commande pass\u00e9e, et un autre lorsque votre article sera exp\u00e9di\u00e9 avec les d\u00e9tails de son suivi.<\/li><\/ul>\t\t\t\t\t\t\t\t<\/div>\n\t\t\t\t<\/div>\n\t\t\t\t<div class=\"elementor-element elementor-element-c959d6b elementor-invisible elementor-widget elementor-widget-heading\" data-id=\"c959d6b\" data-element_type=\"widget\" data-settings=\"{&quot;_animation&quot;:&quot;fadeInUp&quot;}\" data-widget_type=\"heading.default\">\n\t\t\t\t<div class=\"elementor-widget-container\">\n\t\t\t\t\t<h3 class=\"elementor-heading-title elementor-size-default\">M\u00e9thodes et d\u00e9lais d'exp\u00e9dition<\/h3>\t\t\t\t<\/div>\n\t\t\t\t<\/div>\n\t\t\t\t<div class=\"elementor-element elementor-element-16d84bb elementor-widget elementor-widget-text-editor\" data-id=\"16d84bb\" data-element_type=\"widget\" data-widget_type=\"text-editor.default\">\n\t\t\t\t<div class=\"elementor-widget-container\">\n\t\t\t\t\t\t\t\t\tNous exp\u00e9dions dans le monde entier. D\u00e9lais de livraison estim\u00e9s\u00a0<strong>apr\u00e8s la production<\/strong>:\n<ul style=\"margin: 0.75rem 0rem;\">\n \t<li style=\"margin-bottom: 6px;\"><strong>Canada et \u00c9tats-Unis<\/strong>: 3-10 jours ouvrables<\/li>\n \t<li style=\"margin-bottom: 6px;\"><strong>Europe et Asie<\/strong>: 5-14 jours ouvrables<\/li>\n \t<li style=\"margin-bottom: 6px;\"><strong>Autres r\u00e9gions<\/strong>7-14 jours ouvrables<\/li>\n<\/ul>\nLes d\u00e9lais de livraison peuvent varier en fonction de la destination et des formalit\u00e9s douani\u00e8res.\t\t\t\t\t\t\t\t<\/div>\n\t\t\t\t<\/div>\n\t\t\t\t<div class=\"elementor-element elementor-element-5e1b170 elementor-invisible elementor-widget elementor-widget-heading\" data-id=\"5e1b170\" data-element_type=\"widget\" data-settings=\"{&quot;_animation&quot;:&quot;fadeInUp&quot;}\" data-widget_type=\"heading.default\">\n\t\t\t\t<div class=\"elementor-widget-container\">\n\t\t\t\t\t<h3 class=\"elementor-heading-title elementor-size-default\">Frais d'exp\u00e9dition<\/h3>\t\t\t\t<\/div>\n\t\t\t\t<\/div>\n\t\t\t\t<div class=\"elementor-element elementor-element-e75c2f5 elementor-widget elementor-widget-text-editor\" data-id=\"e75c2f5\" data-element_type=\"widget\" data-widget_type=\"text-editor.default\">\n\t\t\t\t<div class=\"elementor-widget-container\">\n\t\t\t\t\t\t\t\t\t<ul><li>Les frais d'exp\u00e9dition sont calcul\u00e9s au moment du paiement en fonction de la destination et de la taille de la commande.<\/li><\/ul>\t\t\t\t\t\t\t\t<\/div>\n\t\t\t\t<\/div>\n\t\t\t\t<div class=\"elementor-element elementor-element-cafae2e elementor-invisible elementor-widget elementor-widget-heading\" data-id=\"cafae2e\" data-element_type=\"widget\" data-settings=\"{&quot;_animation&quot;:&quot;fadeInUp&quot;}\" data-widget_type=\"heading.default\">\n\t\t\t\t<div class=\"elementor-widget-container\">\n\t\t\t\t\t<h3 class=\"elementor-heading-title elementor-size-default\">Droits et taxes<\/h3>\t\t\t\t<\/div>\n\t\t\t\t<\/div>\n\t\t\t\t<div class=\"elementor-element elementor-element-426fc0d elementor-widget elementor-widget-text-editor\" data-id=\"426fc0d\" data-element_type=\"widget\" data-widget_type=\"text-editor.default\">\n\t\t\t\t<div class=\"elementor-widget-container\">\n\t\t\t\t\t\t\t\t\t<ul style=\"margin: 0.75rem 0rem;\"><li style=\"margin-bottom: 6px;\">Les commandes exp\u00e9di\u00e9es en dehors du Canada peuvent \u00eatre soumises \u00e0\u00a0<strong>les droits de douane et les taxes locales<\/strong>, qui sont \u00e0 la charge de l'acheteur.<\/li><li style=\"margin-bottom: 6px;\">Kavoo Apparel n'est pas responsable des retards dus aux douanes.<\/li><\/ul>\t\t\t\t\t\t\t\t<\/div>\n\t\t\t\t<\/div>\n\t\t\t\t<div class=\"elementor-element elementor-element-c2d183f elementor-invisible elementor-widget elementor-widget-heading\" data-id=\"c2d183f\" data-element_type=\"widget\" data-settings=\"{&quot;_animation&quot;:&quot;fadeInUp&quot;}\" data-widget_type=\"heading.default\">\n\t\t\t\t<div class=\"elementor-widget-container\">\n\t\t\t\t\t<h3 class=\"elementor-heading-title elementor-size-default\">Frais d'exp\u00e9dition<\/h3>\t\t\t\t<\/div>\n\t\t\t\t<\/div>\n\t\t\t\t<div class=\"elementor-element elementor-element-ae00b5a elementor-widget elementor-widget-text-editor\" data-id=\"ae00b5a\" data-element_type=\"widget\" data-widget_type=\"text-editor.default\">\n\t\t\t\t<div class=\"elementor-widget-container\">\n\t\t\t\t\t\t\t\t\t<p>Une fois votre commande exp\u00e9di\u00e9e, nous vous enverrons un num\u00e9ro de suivi par courrier \u00e9lectronique. Vous pouvez ainsi suivre votre v\u00eatement \u00e0 chaque \u00e9tape de son acheminement.<\/p>\t\t\t\t\t\t\t\t<\/div>\n\t\t\t\t<\/div>\n\t\t\t\t<div class=\"elementor-element elementor-element-db5c529 elementor-invisible elementor-widget elementor-widget-heading\" data-id=\"db5c529\" data-element_type=\"widget\" data-settings=\"{&quot;_animation&quot;:&quot;fadeInUp&quot;}\" data-widget_type=\"heading.default\">\n\t\t\t\t<div class=\"elementor-widget-container\">\n\t\t\t\t\t<h3 class=\"elementor-heading-title elementor-size-default\">Des questions ?<\/h3>\t\t\t\t<\/div>\n\t\t\t\t<\/div>\n\t\t\t\t<div class=\"elementor-element elementor-element-fe77191 elementor-widget elementor-widget-text-editor\" data-id=\"fe77191\" data-element_type=\"widget\" data-widget_type=\"text-editor.default\">\n\t\t\t\t<div class=\"elementor-widget-container\">\n\t\t\t\t\t\t\t\t\tSi vous avez des inqui\u00e9tudes concernant votre envoi ou si vous avez besoin d'aide pour la livraison, veuillez nous contacter \u00e0 l'adresse suivante <strong><a class=\"ql-link\" href=\"http:\/\/kavooapparel.com\/fr\/\" target=\"_blank\" rel=\"noopener noreferrer\">info@kavooapparel.com<\/a><\/strong>.\t\t\t\t\t\t\t\t<\/div>\n\t\t\t\t<\/div>\n\t\t\t\t\t<\/div>\n\t\t\t\t<\/div>\n\t\t\t\t<\/div>","protected":false},"excerpt":{"rendered":"<p>Design Tailor Wear Shipping POLICY SHIPPING At\u00a0Kavoo Apparel, each garment is custom-made to your exact specifications. That means we don\u2019t ship immediately, but we do ship with care and precision. Production &amp; Processing All custom orders are made-to-measure and\u00a0require 1\u20132 weeks\u00a0from order confirmation to dispatch. You&#8217;ll receive a confirmation email once your order is placed, [&hellip;]<\/p>\n","protected":false},"author":1,"featured_media":0,"parent":0,"menu_order":0,"comment_status":"closed","ping_status":"closed","template":"elementor_header_footer","meta":{"footnotes":""},"class_list":["post-17597","page","type-page","status-publish","hentry"],"acf":[],"_links":{"self":[{"href":"https:\/\/kavooapparel.com\/fr\/wp-json\/wp\/v2\/pages\/17597","targetHints":{"allow":["GET"]}}],"collection":[{"href":"https:\/\/kavooapparel.com\/fr\/wp-json\/wp\/v2\/pages"}],"about":[{"href":"https:\/\/kavooapparel.com\/fr\/wp-json\/wp\/v2\/types\/page"}],"author":[{"embeddable":true,"href":"https:\/\/kavooapparel.com\/fr\/wp-json\/wp\/v2\/users\/1"}],"replies":[{"embeddable":true,"href":"https:\/\/kavooapparel.com\/fr\/wp-json\/wp\/v2\/comments?post=17597"}],"version-history":[{"count":28,"href":"https:\/\/kavooapparel.com\/fr\/wp-json\/wp\/v2\/pages\/17597\/revisions"}],"predecessor-version":[{"id":17811,"href":"https:\/\/kavooapparel.com\/fr\/wp-json\/wp\/v2\/pages\/17597\/revisions\/17811"}],"wp:attachment":[{"href":"https:\/\/kavooapparel.com\/fr\/wp-json\/wp\/v2\/media?parent=17597"}],"curies":[{"name":"wp","href":"https:\/\/api.w.org\/{rel}","templated":true}]}}