{"id":4018,"date":"2024-09-28T07:42:50","date_gmt":"2024-09-28T07:42:50","guid":{"rendered":"https:\/\/kavooapparel.com\/?post_type=product&#038;p=4018"},"modified":"2025-08-08T06:23:51","modified_gmt":"2025-08-08T06:23:51","slug":"women-leather-jacket-model","status":"publish","type":"product","link":"https:\/\/kavooapparel.com\/es\/product\/women-leather-jacket-model\/","title":{"rendered":"Exquisita chaqueta de piel negra para la mujer moderna"},"content":{"rendered":"<p>Esta elegante cazadora de cuero negro, bellamente confeccionada, es el ep\u00edtome del lujo y la artesan\u00eda. Confeccionada en piel de primera calidad, la chaqueta luce un acabado suave y pulido que resulta tan agradable al tacto como a la vista. Su confecci\u00f3n experta acent\u00faa la silueta con precisi\u00f3n, ofreciendo un ajuste favorecedor y sofisticado. Las solapas estructuradas y las elegantes costuras muestran la atenci\u00f3n al detalle que se presta a cada puntada.<\/p>\n<p>Tanto si te vistes para un evento formal como si le das un toque atrevido a un atuendo informal, esta chaqueta te garantiza un aspecto elegante y seguro de ti mismo.<\/p>","protected":false},"excerpt":{"rendered":"<p><strong><em>Este pedido se enviar\u00e1 en las pr\u00f3ximas tres (3) semanas. Recibir\u00e1 informaci\u00f3n de seguimiento cuando se env\u00ede su pedido.<\/em><\/strong><\/p>\n<section id=\"shopify-section-template--16084543144109__main\" class=\"shopify-section section\">\n<section id=\"MainProduct-template--16084543144109__main\" class=\"page-width section-template--16084543144109__main-padding\" data-section=\"template--16084543144109__main\">\n<div class=\"product product--small product--left product--thumbnail_slider product--mobile-hide grid grid--1-col grid--2-col-tablet\">\n<div class=\"product__info-wrapper grid__item product__info-wrapper--extra-padding\">\n<div id=\"ProductInfo-template--16084543144109__main\" class=\"product__info-container product__info-container--sticky\">\n<div class=\"product__description rte quick-add-hidden\">\n<p>Esta elegante cazadora de cuero negro, bellamente confeccionada, es el ep\u00edtome del lujo y la artesan\u00eda. Confeccionada en piel de primera calidad, la chaqueta luce un acabado suave y pulido que resulta tan agradable al tacto como a la vista. Su confecci\u00f3n experta acent\u00faa la silueta con precisi\u00f3n, ofreciendo un ajuste favorecedor y sofisticado. Las solapas estructuradas y las elegantes costuras muestran la atenci\u00f3n al detalle que se presta a cada puntada.<\/p>\n<p>Tanto si te vistes para un evento formal como si le das un toque atrevido a un atuendo informal, esta chaqueta te garantiza un aspecto elegante y seguro de ti mismo.<\/p>\n<p>Esta chaqueta est\u00e1 disponible en piel de vaca o de cabra. P\u00f3ngase en contacto con nosotros para hablar de las opciones de material.*<\/p>\n<p>*<em>Las chaquetas de piel de vaca ofrecen durabilidad y resistencia, mientras que las chaquetas de piel de cabra proporcionan un tacto m\u00e1s suave y ligero con mayor flexibilidad y comodidad.<\/em>t.<\/p>\n<\/div>\n<\/div>\n<\/div>\n<\/div>\n<\/section>\n<\/section>\n<p>&nbsp;<\/p>","protected":false},"featured_media":5070,"comment_status":"open","ping_status":"closed","template":"","meta":[],"product_brand":[],"product_cat":[104],"product_tag":[158,151,165,164,157,163,152,161,160,166,155,154,156,153,162,159],"class_list":{"0":"post-4018","1":"product","2":"type-product","3":"status-publish","4":"has-post-thumbnail","6":"product_cat-leather-collection","7":"product_tag-bespoke-leather-jacket","8":"product_tag-custom-womens-leather-jacket","9":"product_tag-customizable-womens-leather-jacket","10":"product_tag-exclusive-womens-leather-jacket","11":"product_tag-goatskin-leather-jacket","12":"product_tag-hadncrafted-leater-jacket-for-women","13":"product_tag-handmade-leather-jacket-for-women","14":"product_tag-high-end-leather-jackets-for-women","15":"product_tag-leather-jacket-with-perfect-fit","16":"product_tag-luxury-cowhide-leather-for-jackets","17":"product_tag-luxury-leather-jacket-for-women","18":"product_tag-made-to-measure-womens-leather-jacket","19":"product_tag-premium-cowhide-leather-jacket","20":"product_tag-tailor-made-leather-jacket","21":"product_tag-womens-custom-fit-leather-jacket","22":"product_tag-womens-designer-leather-jacket","24":"first","25":"instock","26":"taxable","27":"shipping-taxable","28":"purchasable","29":"product-type-simple"},"acf":[],"_links":{"self":[{"href":"https:\/\/kavooapparel.com\/es\/wp-json\/wp\/v2\/product\/4018","targetHints":{"allow":["GET"]}}],"collection":[{"href":"https:\/\/kavooapparel.com\/es\/wp-json\/wp\/v2\/product"}],"about":[{"href":"https:\/\/kavooapparel.com\/es\/wp-json\/wp\/v2\/types\/product"}],"replies":[{"embeddable":true,"href":"https:\/\/kavooapparel.com\/es\/wp-json\/wp\/v2\/comments?post=4018"}],"version-history":[{"count":3,"href":"https:\/\/kavooapparel.com\/es\/wp-json\/wp\/v2\/product\/4018\/revisions"}],"predecessor-version":[{"id":5071,"href":"https:\/\/kavooapparel.com\/es\/wp-json\/wp\/v2\/product\/4018\/revisions\/5071"}],"wp:featuredmedia":[{"embeddable":true,"href":"https:\/\/kavooapparel.com\/es\/wp-json\/wp\/v2\/media\/5070"}],"wp:attachment":[{"href":"https:\/\/kavooapparel.com\/es\/wp-json\/wp\/v2\/media?parent=4018"}],"wp:term":[{"taxonomy":"product_brand","embeddable":true,"href":"https:\/\/kavooapparel.com\/es\/wp-json\/wp\/v2\/product_brand?post=4018"},{"taxonomy":"product_cat","embeddable":true,"href":"https:\/\/kavooapparel.com\/es\/wp-json\/wp\/v2\/product_cat?post=4018"},{"taxonomy":"product_tag","embeddable":true,"href":"https:\/\/kavooapparel.com\/es\/wp-json\/wp\/v2\/product_tag?post=4018"}],"curies":[{"name":"wp","href":"https:\/\/api.w.org\/{rel}","templated":true}]}}