{"id":8102,"date":"2024-11-12T06:11:44","date_gmt":"2024-11-12T06:11:44","guid":{"rendered":"https:\/\/kavooapparel.com\/?page_id=8102"},"modified":"2025-09-23T05:09:09","modified_gmt":"2025-09-23T05:09:09","slug":"returns","status":"publish","type":"page","link":"https:\/\/kavooapparel.com\/es\/returns\/","title":{"rendered":"DEVOLUCIONES"},"content":{"rendered":"<style>.elementor-8102 .elementor-element.elementor-element-77ae493{--display:flex;--flex-direction:column;--container-widget-width:100%;--container-widget-height:initial;--container-widget-flex-grow:0;--container-widget-align-self:initial;--flex-wrap-mobile:wrap;--overlay-opacity:0.5;border-style:none;--border-style:none;--padding-top:20vw;--padding-bottom:20vw;--padding-left:0vw;--padding-right:0vw;}.elementor-8102 .elementor-element.elementor-element-77ae493:not(.elementor-motion-effects-element-type-background), .elementor-8102 .elementor-element.elementor-element-77ae493 > .elementor-motion-effects-container > .elementor-motion-effects-layer{background-image:url(\"https:\/\/kavooapparel.com\/wp-content\/uploads\/2024\/11\/phil-shaw-2WcoiQ_C4b0-unsplash-1.jpg\");background-position:center center;background-repeat:no-repeat;background-size:cover;}.elementor-8102 .elementor-element.elementor-element-77ae493::before, .elementor-8102 .elementor-element.elementor-element-77ae493 > .elementor-background-video-container::before, .elementor-8102 .elementor-element.elementor-element-77ae493 > .e-con-inner > .elementor-background-video-container::before, .elementor-8102 .elementor-element.elementor-element-77ae493 > .elementor-background-slideshow::before, .elementor-8102 .elementor-element.elementor-element-77ae493 > .e-con-inner > .elementor-background-slideshow::before, .elementor-8102 .elementor-element.elementor-element-77ae493 > .elementor-motion-effects-container > .elementor-motion-effects-layer::before{background-color:#000000;--background-overlay:'';}.elementor-8102 .elementor-element.elementor-element-45bfbdb > .elementor-widget-container{margin:0px 0px 5px 0px;}.elementor-8102 .elementor-element.elementor-element-45bfbdb .elementor-icon-list-icon i{color:#B2C7D5;transition:color 0.3s;}.elementor-8102 .elementor-element.elementor-element-45bfbdb .elementor-icon-list-icon svg{fill:#B2C7D5;transition:fill 0.3s;}.elementor-8102 .elementor-element.elementor-element-45bfbdb{--e-icon-list-icon-size:7px;--icon-vertical-offset:0px;}.elementor-8102 .elementor-element.elementor-element-45bfbdb .elementor-icon-list-icon{padding-inline-end:2px;}.elementor-8102 .elementor-element.elementor-element-45bfbdb .elementor-icon-list-item > .elementor-icon-list-text, .elementor-8102 .elementor-element.elementor-element-45bfbdb .elementor-icon-list-item > a{font-family:\"Inknut Antiqua\", Sans-serif;font-size:18px;font-weight:600;text-transform:uppercase;}.elementor-8102 .elementor-element.elementor-element-45bfbdb .elementor-icon-list-text{color:#B2C7D5;transition:color 0.3s;}.elementor-8102 .elementor-element.elementor-element-d564a69 > .elementor-widget-container{margin:-20px 0px 0px 0px;padding:0px 0px 0px 0px;}.elementor-8102 .elementor-element.elementor-element-d564a69{text-align:center;}.elementor-8102 .elementor-element.elementor-element-d564a69 .elementor-heading-title{font-family:\"Montserrat\", Sans-serif;font-size:66px;font-weight:600;text-transform:uppercase;line-height:72px;color:#FFFFFF;}.elementor-8102 .elementor-element.elementor-element-94dac74{--display:flex;--flex-direction:row;--container-widget-width:calc( ( 1 - var( --container-widget-flex-grow ) ) * 100% );--container-widget-height:100%;--container-widget-flex-grow:1;--container-widget-align-self:stretch;--flex-wrap-mobile:wrap;--align-items:center;--gap:0px 50px;--row-gap:0px;--column-gap:50px;--padding-top:100px;--padding-bottom:100px;--padding-left:15px;--padding-right:15px;}.elementor-8102 .elementor-element.elementor-element-fdac1fe{--display:flex;--gap:0px 0px;--row-gap:0px;--column-gap:0px;}.elementor-8102 .elementor-element.elementor-element-d28c614 > .elementor-widget-container{margin:0px 0px 0px 0px;padding:0px 0px 0px 0px;}.elementor-8102 .elementor-element.elementor-element-d28c614{text-align:left;font-family:\"Lato\", Sans-serif;font-size:16px;font-weight:300;color:#000000;}.elementor-8102 .elementor-element.elementor-element-4290206 > .elementor-widget-container{margin:20px 0px 0px 0px;padding:0px 0px 0px 25px;}.elementor-8102 .elementor-element.elementor-element-4290206 .elementor-icon-list-items:not(.elementor-inline-items) .elementor-icon-list-item:not(:last-child){padding-block-end:calc(10px\/2);}.elementor-8102 .elementor-element.elementor-element-4290206 .elementor-icon-list-items:not(.elementor-inline-items) .elementor-icon-list-item:not(:first-child){margin-block-start:calc(10px\/2);}.elementor-8102 .elementor-element.elementor-element-4290206 .elementor-icon-list-items.elementor-inline-items .elementor-icon-list-item{margin-inline:calc(10px\/2);}.elementor-8102 .elementor-element.elementor-element-4290206 .elementor-icon-list-items.elementor-inline-items{margin-inline:calc(-10px\/2);}.elementor-8102 .elementor-element.elementor-element-4290206 .elementor-icon-list-items.elementor-inline-items .elementor-icon-list-item:after{inset-inline-end:calc(-10px\/2);}.elementor-8102 .elementor-element.elementor-element-4290206 .elementor-icon-list-icon i{transition:color 0.3s;}.elementor-8102 .elementor-element.elementor-element-4290206 .elementor-icon-list-icon svg{transition:fill 0.3s;}.elementor-8102 .elementor-element.elementor-element-4290206{--e-icon-list-icon-size:14px;--icon-vertical-align:flex-start;--icon-vertical-offset:5px;}.elementor-8102 .elementor-element.elementor-element-4290206 .elementor-icon-list-item > .elementor-icon-list-text, .elementor-8102 .elementor-element.elementor-element-4290206 .elementor-icon-list-item > a{font-family:\"Lato\", Sans-serif;font-size:16px;font-weight:300;}.elementor-8102 .elementor-element.elementor-element-4290206 .elementor-icon-list-text{transition:color 0.3s;}.elementor-8102 .elementor-element.elementor-element-33e694d > .elementor-widget-container{margin:20px 0px 0px 0px;padding:0px 0px 0px 0px;}.elementor-8102 .elementor-element.elementor-element-33e694d{text-align:left;font-family:\"Lato\", Sans-serif;font-size:16px;font-weight:300;color:#000000;}@media(max-width:1024px){.elementor-8102 .elementor-element.elementor-element-77ae493{--padding-top:30vw;--padding-bottom:30vw;--padding-left:3vw;--padding-right:3vw;}.elementor-8102 .elementor-element.elementor-element-45bfbdb .elementor-icon-list-item > .elementor-icon-list-text, .elementor-8102 .elementor-element.elementor-element-45bfbdb .elementor-icon-list-item > a{font-size:14px;}.elementor-8102 .elementor-element.elementor-element-d564a69 .elementor-heading-title{font-size:45px;line-height:1.2em;}.elementor-8102 .elementor-element.elementor-element-94dac74{--align-items:center;--container-widget-width:calc( ( 1 - var( --container-widget-flex-grow ) ) * 100% );}}@media(max-width:767px){.elementor-8102 .elementor-element.elementor-element-77ae493{--padding-top:40vw;--padding-bottom:40vw;--padding-left:3vw;--padding-right:3vw;}.elementor-8102 .elementor-element.elementor-element-45bfbdb .elementor-icon-list-item > .elementor-icon-list-text, .elementor-8102 .elementor-element.elementor-element-45bfbdb .elementor-icon-list-item > a{font-size:12px;}.elementor-8102 .elementor-element.elementor-element-d564a69 .elementor-heading-title{font-size:30px;}.elementor-8102 .elementor-element.elementor-element-94dac74{--flex-direction:column-reverse;--container-widget-width:100%;--container-widget-height:initial;--container-widget-flex-grow:0;--container-widget-align-self:initial;--flex-wrap-mobile:wrap;--gap:30px 0px;--row-gap:30px;--column-gap:0px;--padding-top:40px;--padding-bottom:40px;--padding-left:15px;--padding-right:15px;}.elementor-8102 .elementor-element.elementor-element-fdac1fe{--padding-top:0px;--padding-bottom:0px;--padding-left:0px;--padding-right:0px;}.elementor-8102 .elementor-element.elementor-element-d28c614{text-align:center;}.elementor-8102 .elementor-element.elementor-element-4290206 > .elementor-widget-container{padding:0px 0px 0px 0px;}.elementor-8102 .elementor-element.elementor-element-33e694d{text-align:center;}}<\/style>\t\t<div data-elementor-type=\"wp-page\" data-elementor-id=\"8102\" class=\"elementor elementor-8102\" data-elementor-post-type=\"page\">\n\t\t\t\t<div class=\"elementor-element elementor-element-77ae493 e-flex e-con-boxed e-con e-parent\" data-id=\"77ae493\" data-element_type=\"container\" data-settings=\"{&quot;background_background&quot;:&quot;classic&quot;}\">\n\t\t\t\t\t<div class=\"e-con-inner\">\n\t\t\t\t<div class=\"elementor-element elementor-element-45bfbdb elementor-icon-list--layout-inline elementor-align-center elementor-list-item-link-full_width elementor-widget elementor-widget-icon-list\" data-id=\"45bfbdb\" data-element_type=\"widget\" data-widget_type=\"icon-list.default\">\n\t\t\t\t<div class=\"elementor-widget-container\">\n\t\t\t\t\t\t\t<ul class=\"elementor-icon-list-items elementor-inline-items\">\n\t\t\t\t\t\t\t<li class=\"elementor-icon-list-item elementor-inline-item\">\n\t\t\t\t\t\t\t\t\t\t<span class=\"elementor-icon-list-text\">Dise\u00f1o<\/span>\n\t\t\t\t\t\t\t\t\t<\/li>\n\t\t\t\t\t\t\t\t<li class=\"elementor-icon-list-item elementor-inline-item\">\n\t\t\t\t\t\t\t\t\t\t\t<span class=\"elementor-icon-list-icon\">\n\t\t\t\t\t\t\t<svg aria-hidden=\"true\" class=\"e-font-icon-svg e-fas-circle\" viewbox=\"0 0 512 512\" xmlns=\"http:\/\/www.w3.org\/2000\/svg\"><path d=\"M256 8C119 8 8 119 8 256s111 248 248 248 248-111 248-248S393 8 256 8z\"><\/path><\/svg>\t\t\t\t\t\t<\/span>\n\t\t\t\t\t\t\t\t\t\t<span class=\"elementor-icon-list-text\">Sastre<\/span>\n\t\t\t\t\t\t\t\t\t<\/li>\n\t\t\t\t\t\t\t\t<li class=\"elementor-icon-list-item elementor-inline-item\">\n\t\t\t\t\t\t\t\t\t\t\t<span class=\"elementor-icon-list-icon\">\n\t\t\t\t\t\t\t<svg aria-hidden=\"true\" class=\"e-font-icon-svg e-fas-circle\" viewbox=\"0 0 512 512\" xmlns=\"http:\/\/www.w3.org\/2000\/svg\"><path d=\"M256 8C119 8 8 119 8 256s111 248 248 248 248-111 248-248S393 8 256 8z\"><\/path><\/svg>\t\t\t\t\t\t<\/span>\n\t\t\t\t\t\t\t\t\t\t<span class=\"elementor-icon-list-text\">P\u00f3ngase<\/span>\n\t\t\t\t\t\t\t\t\t<\/li>\n\t\t\t\t\t\t<\/ul>\n\t\t\t\t\t\t<\/div>\n\t\t\t\t<\/div>\n\t\t\t\t<div class=\"elementor-element elementor-element-d564a69 banner-head elementor-widget elementor-widget-heading\" data-id=\"d564a69\" data-element_type=\"widget\" data-widget_type=\"heading.default\">\n\t\t\t\t<div class=\"elementor-widget-container\">\n\t\t\t\t\t<h1 class=\"elementor-heading-title elementor-size-default\">DEVOLUCIONES<\/h1>\t\t\t\t<\/div>\n\t\t\t\t<\/div>\n\t\t\t\t\t<\/div>\n\t\t\t\t<\/div>\n\t\t<div class=\"elementor-element elementor-element-94dac74 e-flex e-con-boxed e-con e-parent\" data-id=\"94dac74\" data-element_type=\"container\" id=\"form\" data-settings=\"{&quot;background_background&quot;:&quot;classic&quot;}\">\n\t\t\t\t\t<div class=\"e-con-inner\">\n\t\t<div class=\"elementor-element elementor-element-fdac1fe e-con-full e-flex e-con e-child\" data-id=\"fdac1fe\" data-element_type=\"container\">\n\t\t\t\t<div class=\"elementor-element elementor-element-d28c614 services-p elementor-widget elementor-widget-text-editor\" data-id=\"d28c614\" data-element_type=\"widget\" data-widget_type=\"text-editor.default\">\n\t\t\t\t<div class=\"elementor-widget-container\">\n\t\t\t\t\t\t\t\t\tEn KAVOO, nos comprometemos a ofrecerte una experiencia verdaderamente personalizada. Cada traje se confecciona cuidadosamente para ti, en funci\u00f3n de tus medidas, elecci\u00f3n de tejidos y personalizaciones. Si tu pedido no es lo que esperabas, ponte en contacto con nosotros en info@kavooapparel.com y nuestro equipo de Experiencia del cliente te ayudar\u00e1 a solucionarlo.\t\t\t\t\t\t\t\t<\/div>\n\t\t\t\t<\/div>\n\t\t\t\t<div class=\"elementor-element elementor-element-4290206 elementor-icon-list--layout-traditional elementor-list-item-link-full_width elementor-widget elementor-widget-icon-list\" data-id=\"4290206\" data-element_type=\"widget\" data-widget_type=\"icon-list.default\">\n\t\t\t\t<div class=\"elementor-widget-container\">\n\t\t\t\t\t\t\t<ul class=\"elementor-icon-list-items\">\n\t\t\t\t\t\t\t<li class=\"elementor-icon-list-item\">\n\t\t\t\t\t\t\t\t\t\t\t<span class=\"elementor-icon-list-icon\">\n\t\t\t\t\t\t\t<svg aria-hidden=\"true\" class=\"e-font-icon-svg e-fas-check\" viewbox=\"0 0 512 512\" xmlns=\"http:\/\/www.w3.org\/2000\/svg\"><path d=\"M173.898 439.404l-166.4-166.4c-9.997-9.997-9.997-26.206 0-36.204l36.203-36.204c9.997-9.998 26.207-9.998 36.204 0L192 312.69 432.095 72.596c9.997-9.997 26.207-9.997 36.204 0l36.203 36.204c9.997 9.997 9.997 26.206 0 36.204l-294.4 294.401c-9.998 9.997-26.207 9.997-36.204-.001z\"><\/path><\/svg>\t\t\t\t\t\t<\/span>\n\t\t\t\t\t\t\t\t\t\t<span class=\"elementor-icon-list-text\">Tenga en cuenta que no ofrecemos reembolsos debido a la naturaleza personalizada de nuestros trajes, que se adaptan a sus medidas y preferencias. Si tiene alg\u00fan problema con sus prendas, p\u00f3ngase en contacto con nuestro equipo de atenci\u00f3n al cliente en un plazo de 10 d\u00edas desde la recepci\u00f3n del pedido.<\/span>\n\t\t\t\t\t\t\t\t\t<\/li>\n\t\t\t\t\t\t\t\t<li class=\"elementor-icon-list-item\">\n\t\t\t\t\t\t\t\t\t\t\t<span class=\"elementor-icon-list-icon\">\n\t\t\t\t\t\t\t<svg aria-hidden=\"true\" class=\"e-font-icon-svg e-fas-check\" viewbox=\"0 0 512 512\" xmlns=\"http:\/\/www.w3.org\/2000\/svg\"><path d=\"M173.898 439.404l-166.4-166.4c-9.997-9.997-9.997-26.206 0-36.204l36.203-36.204c9.997-9.998 26.207-9.998 36.204 0L192 312.69 432.095 72.596c9.997-9.997 26.207-9.997 36.204 0l36.203 36.204c9.997 9.997 9.997 26.206 0 36.204l-294.4 294.401c-9.998 9.997-26.207 9.997-36.204-.001z\"><\/path><\/svg>\t\t\t\t\t\t<\/span>\n\t\t\t\t\t\t\t\t\t\t<span class=\"elementor-icon-list-text\">Las devoluciones se realizar\u00e1n a discreci\u00f3n de KAVOO y se reembolsar\u00e1n en forma de tarjeta regalo KAVOO.<\/span>\n\t\t\t\t\t\t\t\t\t<\/li>\n\t\t\t\t\t\t\t\t<li class=\"elementor-icon-list-item\">\n\t\t\t\t\t\t\t\t\t\t\t<span class=\"elementor-icon-list-icon\">\n\t\t\t\t\t\t\t<svg aria-hidden=\"true\" class=\"e-font-icon-svg e-fas-check\" viewbox=\"0 0 512 512\" xmlns=\"http:\/\/www.w3.org\/2000\/svg\"><path d=\"M173.898 439.404l-166.4-166.4c-9.997-9.997-9.997-26.206 0-36.204l36.203-36.204c9.997-9.998 26.207-9.998 36.204 0L192 312.69 432.095 72.596c9.997-9.997 26.207-9.997 36.204 0l36.203 36.204c9.997 9.997 9.997 26.206 0 36.204l-294.4 294.401c-9.998 9.997-26.207 9.997-36.204-.001z\"><\/path><\/svg>\t\t\t\t\t\t<\/span>\n\t\t\t\t\t\t\t\t\t\t<span class=\"elementor-icon-list-text\">KAVOO s\u00f3lo acepta devoluciones de art\u00edculos en estado nuevo, sin usar y con todas las etiquetas puestas.<\/span>\n\t\t\t\t\t\t\t\t\t<\/li>\n\t\t\t\t\t\t\t\t<li class=\"elementor-icon-list-item\">\n\t\t\t\t\t\t\t\t\t\t\t<span class=\"elementor-icon-list-icon\">\n\t\t\t\t\t\t\t<svg aria-hidden=\"true\" class=\"e-font-icon-svg e-fas-check\" viewbox=\"0 0 512 512\" xmlns=\"http:\/\/www.w3.org\/2000\/svg\"><path d=\"M173.898 439.404l-166.4-166.4c-9.997-9.997-9.997-26.206 0-36.204l36.203-36.204c9.997-9.998 26.207-9.998 36.204 0L192 312.69 432.095 72.596c9.997-9.997 26.207-9.997 36.204 0l36.203 36.204c9.997 9.997 9.997 26.206 0 36.204l-294.4 294.401c-9.998 9.997-26.207 9.997-36.204-.001z\"><\/path><\/svg>\t\t\t\t\t\t<\/span>\n\t\t\t\t\t\t\t\t\t\t<span class=\"elementor-icon-list-text\">Los art\u00edculos que hayan sido modificados o ajustados no pueden devolverse.<\/span>\n\t\t\t\t\t\t\t\t\t<\/li>\n\t\t\t\t\t\t<\/ul>\n\t\t\t\t\t\t<\/div>\n\t\t\t\t<\/div>\n\t\t\t\t<div class=\"elementor-element elementor-element-33e694d services-p elementor-widget elementor-widget-text-editor\" data-id=\"33e694d\" data-element_type=\"widget\" data-widget_type=\"text-editor.default\">\n\t\t\t\t<div class=\"elementor-widget-container\">\n\t\t\t\t\t\t\t\t\tEstamos aqu\u00ed para asegurarnos de que est\u00e9s satisfecho con cada compra de KAVOO.\t\t\t\t\t\t\t\t<\/div>\n\t\t\t\t<\/div>\n\t\t\t\t<\/div>\n\t\t\t\t\t<\/div>\n\t\t\t\t<\/div>\n\t\t\t\t<\/div>","protected":false},"excerpt":{"rendered":"<p>Design Tailor Wear RETURNS At KAVOO, we\u2019re committed to giving you a truly custom experience. Each suit is carefully made just for you, based on your measurements, fabric choices, and customizations. If your order isn\u2019t what you expected, contact us at info@kavooapparel.com, and our Customer Experience team will help make it right. Please note that [&hellip;]<\/p>\n","protected":false},"author":1,"featured_media":0,"parent":0,"menu_order":0,"comment_status":"closed","ping_status":"closed","template":"elementor_header_footer","meta":{"footnotes":""},"class_list":["post-8102","page","type-page","status-publish","hentry"],"acf":[],"_links":{"self":[{"href":"https:\/\/kavooapparel.com\/es\/wp-json\/wp\/v2\/pages\/8102","targetHints":{"allow":["GET"]}}],"collection":[{"href":"https:\/\/kavooapparel.com\/es\/wp-json\/wp\/v2\/pages"}],"about":[{"href":"https:\/\/kavooapparel.com\/es\/wp-json\/wp\/v2\/types\/page"}],"author":[{"embeddable":true,"href":"https:\/\/kavooapparel.com\/es\/wp-json\/wp\/v2\/users\/1"}],"replies":[{"embeddable":true,"href":"https:\/\/kavooapparel.com\/es\/wp-json\/wp\/v2\/comments?post=8102"}],"version-history":[{"count":13,"href":"https:\/\/kavooapparel.com\/es\/wp-json\/wp\/v2\/pages\/8102\/revisions"}],"predecessor-version":[{"id":17805,"href":"https:\/\/kavooapparel.com\/es\/wp-json\/wp\/v2\/pages\/8102\/revisions\/17805"}],"wp:attachment":[{"href":"https:\/\/kavooapparel.com\/es\/wp-json\/wp\/v2\/media?parent=8102"}],"curies":[{"name":"wp","href":"https:\/\/api.w.org\/{rel}","templated":true}]}}